{"id":326,"date":"2020-06-07T13:45:08","date_gmt":"2020-06-07T13:45:08","guid":{"rendered":"https:\/\/nikas-corner.de\/?page_id=326"},"modified":"2021-01-07T11:51:46","modified_gmt":"2021-01-07T11:51:46","slug":"nika-on-tour","status":"publish","type":"page","link":"https:\/\/nikas-corner.de\/index.php\/nika-on-tour\/","title":{"rendered":"Nika on Tour"},"content":{"rendered":"<p>Bis vor wenigen Jahren war ich das, was man bestenfalls als &#8220;Reisemuffel&#8221; bezeichnen kann. Als absoluter Gewohnheitsmensch, der sich mit unbekannten Situationen generell schwer tut, war ich zufrieden damit, meinen Urlaub einfach zuhause zu verbringen. Oder an einem der Orte, wo ich schon \u00f6fter war und entsprechend wusste, worauf ich mich einzustellen habe. Fernweh oder Reisefieber? Keine Spur. Und alles, was nicht einfach mit Auto oder Zug zu erreichen war, hat mich durch meine Flugangst sowieso nicht interessiert. Generell hatte ich kein sonderliches Bed\u00fcrfnis, neue Orte oder Kulturen kennenzulernen.<\/p>\n<p>R\u00fcckblickend betrachtet: Wow, war ich d\u00e4mlich. Ich hatte ja erwartet, dass ich durch die Promotion viel lerne und das meinen Horizont erweitert, aber eher&#8230; im akademischen Sinne. Mit einem Nebeneffekt hatte ich allerdings echt nicht gerechnet: dass ich Dank der Promotion pl\u00f6tzlich nicht mehr genug davon kriegen kann, die Welt zu sehen. Eine 180\u00b0-Wende, anders kann man das nicht nennen. Und alles fing damit an, dass ich mich Anfang 2017 nicht davor dr\u00fccken konnte, auf meine erste Konferenz zu fliegen &#8211; die auf Hawaii stattfand. Das sich bekanntlicherma\u00dfen nicht gerade durch Auto- oder Zug-Erreichbarkeit auszeichnet. Was bei vielen vermutlich Jubel ausgel\u00f6st h\u00e4tte, hat bei mir eher zu Panikattacken gef\u00fchrt (nein, keine \u00dcbertreibung, echte Panikattacken). Damit ich mit meiner Flugangst nicht direkt auf der ersten Flugreise gut 24 Stunden am St\u00fcck in Flugzeugen verbringen musste, haben Flo und ich damals beschlossen, unsere Hochzeitsreise als 10-t\u00e4gigen Zwischenstop auf dem Hinweg zur Konferenz an der Westk\u00fcste der USA zu verbringen. Auf dem Highway 1 von San Francisco nach Los Angeles. Anschlie\u00dfend eine Woche Konferenz in Honolulu mit Hotel am Waikiki Beach. Und da ich mir (gl\u00fccklicherweise!) beim Buchen der Fl\u00fcge dachte: &#8220;Schei\u00df drauf, wenn ich SO weit geflogen bin, schaffe ich drei zus\u00e4tzliche Kurzstreckenfl\u00fcge zwischen den Inseln sicher auch noch!&#8221; waren hinterher noch 5 Tage Urlaub mit Kollegen auf Kauai und eine knappe Woche Fortsetzung der Hochzeitsreise auf Big Island angesagt.<\/p>\n\n\n<div class=\"wp-block-image\"><figure class=\"aligncenter size-large is-resized\"><img loading=\"lazy\" decoding=\"async\" src=\"https:\/\/nikas-corner.de\/wp-content\/uploads\/2020\/06\/17862517_1331368466970517_9194551772654762153_n.jpg\" alt=\"\" class=\"wp-image-332\" width=\"426\" height=\"426\" srcset=\"https:\/\/nikas-corner.de\/wp-content\/uploads\/2020\/06\/17862517_1331368466970517_9194551772654762153_n.jpg 960w, https:\/\/nikas-corner.de\/wp-content\/uploads\/2020\/06\/17862517_1331368466970517_9194551772654762153_n-300x300.jpg 300w, https:\/\/nikas-corner.de\/wp-content\/uploads\/2020\/06\/17862517_1331368466970517_9194551772654762153_n-150x150.jpg 150w, https:\/\/nikas-corner.de\/wp-content\/uploads\/2020\/06\/17862517_1331368466970517_9194551772654762153_n-768x768.jpg 768w\" sizes=\"auto, (max-width: 426px) 100vw, 426px\" \/><figcaption>Erster Tag in San Francisco &#8211; der Tag, an dem ich mich in die Stadt und Reisen allgemein verliebt habe. Und in Cable Cars. <\/figcaption><\/figure><\/div>\n\n\n\n<p>Diese 4 Wochen haben, gelinde gesagt, mein Weltbild ver\u00e4ndert. Wir haben teilweise jede Nacht in anderen Hotels verbracht, jeden Tag unbekannte Gegenden erkundet und insgesamt 8 Fl\u00fcge mit knapp 40 Stunden Flugzeit bei drei verschiedenen Airlines \u00fcberstanden &#8211; also alles, was ich nie wollte. And. I. loved. it.<\/p>\n\n\n\n<div class=\"wp-block-image\"><figure class=\"aligncenter size-large\"><img loading=\"lazy\" decoding=\"async\" width=\"960\" height=\"960\" src=\"https:\/\/nikas-corner.de\/wp-content\/uploads\/2020\/06\/18077129_1344234159017281_705073388915282699_o.jpg\" alt=\"\" class=\"wp-image-333\" srcset=\"https:\/\/nikas-corner.de\/wp-content\/uploads\/2020\/06\/18077129_1344234159017281_705073388915282699_o.jpg 960w, https:\/\/nikas-corner.de\/wp-content\/uploads\/2020\/06\/18077129_1344234159017281_705073388915282699_o-300x300.jpg 300w, https:\/\/nikas-corner.de\/wp-content\/uploads\/2020\/06\/18077129_1344234159017281_705073388915282699_o-150x150.jpg 150w, https:\/\/nikas-corner.de\/wp-content\/uploads\/2020\/06\/18077129_1344234159017281_705073388915282699_o-768x768.jpg 768w\" sizes=\"auto, (max-width: 960px) 100vw, 960px\" \/><figcaption>Mit den F\u00fc\u00dfen im Pazifik am Waikiki Beach &#8211; nie h\u00e4tte ich damit gerechnet, dass das jemals passieren w\u00fcrde!<\/figcaption><\/figure><\/div>\n\n\n\n<p>Seitdem sind ziemlich genau 3 Jahre vergangen und wenn ich mal keine Reise geplant habe &#8211; sei es jetzt weiter weg oder ganz in der N\u00e4he &#8211; werde ich fast schon unruhig. Im Gegensatz zu meiner Erwartung ist meine Flugangst zwar nicht verschwunden, sie ist nicht mal viel schw\u00e4cher geworden, aber ich habe gelernt, sie besser zu managen. Was mich inzwischen eher abh\u00e4lt, ist tats\u00e4chlich das schlechte Gewissen gegen\u00fcber der Umwelt, wenn ich dar\u00fcber nachdenke, einen Flug zu buchen, der nicht in Zusammenhang mit einer Konferenzreise steht &#8211; was bis auf die Inter-Island-Flights auf Hawaii, zu denen es keine richtige Alternative gibt, bisher auch erst einmal vorgekommen ist. Innerhalb Europas gibt&#8217;s ja zum Gl\u00fcck auch andere M\u00f6glichkeiten. Und auch das Unbehagen gegen\u00fcber neuen Umgebungen und Hotelbetten ist inzwischen so weit reduziert, dass es mich nicht mehr von Reiseplanungen abh\u00e4lt. Mich hat eindeutig das Reisefieber gepackt und ich will so viel wie m\u00f6glich von der Welt sehen. Deshalb haben wir in den letzten Jahren auch versucht, aus jeder Konferenzreise so viel wie m\u00f6glich rauszuholen &#8211; immerhin kommt man dadurch an Orte, die man sonst vermutlich nicht gesehen h\u00e4tte. Und dass die Uni meine Fl\u00fcge und die Unterkunft w\u00e4hrend der Konferenz zahlt, hat die Reisen nat\u00fcrlich auch etwas besser bezahlbar gemacht \ud83d\ude09 Was f\u00fcr ein Gl\u00fcck, dass das Landesreisekostengesetz nicht verbietet, dass man Dienstreisen mit Urlaubsreisen verkn\u00fcpft. Macht auch die Langstreckenfl\u00fcge wenigstens etwas sinnvoller, wenn man m\u00f6glichst viel Zeit am Zielort verbringt. Auf diese Weise sind wir in den letzten Jahren ganz sch\u00f6n rumgekommen:<\/p>\n\n\n\n<iframe loading=\"lazy\" allowfullscreen=\"\" src=\"\/\/umap.openstreetmap.fr\/de\/map\/visited_464712?scaleControl=false&amp;miniMap=false&amp;scrollWheelZoom=false&amp;zoomControl=true&amp;allowEdit=false&amp;moreControl=true&amp;searchControl=null&amp;tilelayersControl=null&amp;embedControl=null&amp;datalayersControl=true&amp;onLoadPanel=undefined&amp;captionBar=false#2\/20\/-30\" width=\"100%\" height=\"500px\" frameborder=\"0\"><\/iframe>\n\n\n<p><em>Bereits besuchte Orte &#8211; es ging mitunter ganz sch\u00f6n weit weg von Deutschland, aber schlussendlich hat sich die bisherige Horizonterweiterung dann eben doch auf zwei Kontinente und nur die Nordhalbkugel beschr\u00e4nkt. Die Farben der Pins haben \u00fcbrigens keine Bedeutung, dadurch werden einfach nur die geclusterten Orte besser unterscheidbar.<br><\/em><\/p>\n\n\n<p>Ich bin wirklich dankbar daf\u00fcr, was ich alles gesehen habe &#8211; \u00fcber einen Teil davon werde ich hier mit der Zeit berichten. Aber mit jeder Reise w\u00e4chst irgendwie auch der Wunsch, noch mehr zu sehen. Die aktuelle Liste an Reisew\u00fcnschen ist schon ziemlich lang, vermutlich w\u00e4chst sie auch noch weiter. Aber ich hoffe, dass sich mit der Zeit auch einiges von der Wunschliste auf die &#8220;schon besucht&#8221;-Karte verschieben l\u00e4sst. Die Zukunft wird zeigen, wie viel sich realisieren l\u00e4sst \ud83d\ude42 <\/p>\n\n\n\n<iframe loading=\"lazy\" allowfullscreen=\"\" src=\"\/\/umap.openstreetmap.fr\/de\/map\/travel-dreams_464752?scaleControl=false&amp;miniMap=false&amp;scrollWheelZoom=false&amp;zoomControl=true&amp;allowEdit=false&amp;moreControl=true&amp;searchControl=null&amp;tilelayersControl=null&amp;embedControl=null&amp;datalayersControl=true&amp;onLoadPanel=undefined&amp;captionBar=false#2\/20\/-30\" width=\"100%\" height=\"500px\" frameborder=\"0\"><\/iframe>\n\n\n\n<p><em>Der aktuelle Stand meiner To-Visit-Liste. Wird mit Sicherheit nach und nach erg\u00e4nzt \ud83d\ude09<\/em><\/p>\n\n\n\n<p>Gr\u00fcne Stecknadeln sind \u00fcbrigens fertig geplante Reisen, inklusive tagesgenauen Wunschrouten und wetterabh\u00e4ngigen Alternativpl\u00e4nen, die leider vorerst Corona zum Opfer gefallen sind (und hoffentlich teilweise n\u00e4chstes Jahr nachgeholt werden k\u00f6nnen).<em> <\/em>Hellblaue Nadeln bezeichnen Orte, die theoretisch relativ spontan besucht werden k\u00f6nnten, weil sie Optionen f\u00fcr fr\u00fchere Reisen waren, die dann wieder \u00fcber den Haufen geworfen wurden &#8211; z.B. Maui fiel bei der Hawaii-Reise der Entscheidung f\u00fcr Kauai zum Oper. Die ganzen Notizen dazu existieren aber nat\u00fcrlich noch und k\u00f6nnten jederzeit wieder ausgepackt werden. Alles andere ist dunkelblau markiert &#8211; und soll &#8220;irgendwann&#8221; mal angegangen werden, wenn es halt passt. <\/p>\n\n\n\n<h2 class=\"wp-block-heading\">Neuste Reiseberichte<\/h2>\n\n\n<ul class=\"wp-block-latest-posts__list is-grid columns-3 wp-block-latest-posts\"><li><a class=\"wp-block-latest-posts__post-title\" href=\"https:\/\/nikas-corner.de\/index.php\/2021\/01\/17\/a-coruna\/\">A Coru\u00f1a<\/a><div class=\"wp-block-latest-posts__post-excerpt\">In den letzten Jahren war ich ja immer viel auf Konferenzen unterwegs, wodurch ich das Gl\u00fcck hatte, einerseits interessante Impulse\u2026 <a class=\"wp-block-latest-posts__read-more\" href=\"https:\/\/nikas-corner.de\/index.php\/2021\/01\/17\/a-coruna\/\" rel=\"noopener noreferrer\">Read more<span class=\"screen-reader-text\">: A Coru\u00f1a<\/span><\/a><\/div><\/li>\n<li><a class=\"wp-block-latest-posts__post-title\" href=\"https:\/\/nikas-corner.de\/index.php\/2020\/05\/06\/parc-national-du-mont-tremblant\/\">Parc national du Mont-Tremblant<\/a><div class=\"wp-block-latest-posts__post-excerpt\">Ich sag&#8217;s ganz ehrlich: woran ich pers\u00f6nlich in der aktuellen Situation am meisten zu knabbern habe &#8211; mal abgesehen von\u2026 <a class=\"wp-block-latest-posts__read-more\" href=\"https:\/\/nikas-corner.de\/index.php\/2020\/05\/06\/parc-national-du-mont-tremblant\/\" rel=\"noopener noreferrer\">Read more<span class=\"screen-reader-text\">: Parc national du Mont-Tremblant<\/span><\/a><\/div><\/li>\n<\/ul>","protected":false},"excerpt":{"rendered":"<p>Bis vor wenigen Jahren war ich das, was man bestenfalls als &#8220;Reisemuffel&#8221; bezeichnen kann. Als absoluter Gewohnheitsmensch, der sich mit [&hellip;]<\/p>\n","protected":false},"author":1,"featured_media":0,"parent":0,"menu_order":0,"comment_status":"closed","ping_status":"closed","template":"","meta":{"footnotes":""},"class_list":["post-326","page","type-page","status-publish","hentry"],"_links":{"self":[{"href":"https:\/\/nikas-corner.de\/index.php\/wp-json\/wp\/v2\/pages\/326","targetHints":{"allow":["GET"]}}],"collection":[{"href":"https:\/\/nikas-corner.de\/index.php\/wp-json\/wp\/v2\/pages"}],"about":[{"href":"https:\/\/nikas-corner.de\/index.php\/wp-json\/wp\/v2\/types\/page"}],"author":[{"embeddable":true,"href":"https:\/\/nikas-corner.de\/index.php\/wp-json\/wp\/v2\/users\/1"}],"replies":[{"embeddable":true,"href":"https:\/\/nikas-corner.de\/index.php\/wp-json\/wp\/v2\/comments?post=326"}],"version-history":[{"count":19,"href":"https:\/\/nikas-corner.de\/index.php\/wp-json\/wp\/v2\/pages\/326\/revisions"}],"predecessor-version":[{"id":571,"href":"https:\/\/nikas-corner.de\/index.php\/wp-json\/wp\/v2\/pages\/326\/revisions\/571"}],"wp:attachment":[{"href":"https:\/\/nikas-corner.de\/index.php\/wp-json\/wp\/v2\/media?parent=326"}],"curies":[{"name":"wp","href":"https:\/\/api.w.org\/{rel}","templated":true}]}}